{"id":4009,"date":"2020-06-30T08:33:55","date_gmt":"2020-06-30T08:33:55","guid":{"rendered":"https:\/\/habbashgroup.com\/contacts\/"},"modified":"2026-03-18T00:06:30","modified_gmt":"2026-03-18T00:06:30","slug":"contacts","status":"publish","type":"page","link":"https:\/\/habbashgroup.com\/ar\/contacts\/","title":{"rendered":"\u062c\u0647\u0627\u062a \u0627\u0644\u0627\u062a\u0635\u0627\u0644"},"content":{"rendered":"\t\t<div data-elementor-type=\"wp-page\" data-elementor-id=\"4009\" class=\"elementor elementor-4009\" data-elementor-post-type=\"page\">\n\t\t\t\t\t\t<section class=\"elementor-section elementor-top-section elementor-element elementor-element-e7e3a3b elementor-section-content-middle elementor-section-boxed elementor-section-height-default elementor-section-height-default\" data-id=\"e7e3a3b\" data-element_type=\"section\" data-e-type=\"section\">\n\t\t\t\t\t\t\t<div class=\"elementor-background-overlay\"><\/div>\n\t\t\t\t\t\t\t<div class=\"elementor-container elementor-column-gap-extended\">\n\t\t\t\t\t<div class=\"elementor-column elementor-col-50 elementor-top-column elementor-element elementor-element-e4e96f1 ot-flex-column-vertical\" data-id=\"e4e96f1\" data-element_type=\"column\" data-e-type=\"column\" data-settings=\"{&quot;background_background&quot;:&quot;classic&quot;}\">\n\t\t\t<div class=\"elementor-widget-wrap elementor-element-populated\">\n\t\t\t\t\t<div class=\"elementor-background-overlay\"><\/div>\n\t\t\t\t\t\t<div class=\"elementor-element elementor-element-835dc70 e-transform e-transform elementor-widget elementor-widget-heading\" data-id=\"835dc70\" data-element_type=\"widget\" data-e-type=\"widget\" data-settings=\"{&quot;_transform_translateX_effect_mobile&quot;:{&quot;unit&quot;:&quot;px&quot;,&quot;size&quot;:-50,&quot;sizes&quot;:[]},&quot;_transform_translateY_effect_mobile&quot;:{&quot;unit&quot;:&quot;px&quot;,&quot;size&quot;:315,&quot;sizes&quot;:[]},&quot;_transform_scale_effect_mobile&quot;:{&quot;unit&quot;:&quot;px&quot;,&quot;size&quot;:0.7,&quot;sizes&quot;:[]},&quot;_transform_translateX_effect&quot;:{&quot;unit&quot;:&quot;px&quot;,&quot;size&quot;:&quot;&quot;,&quot;sizes&quot;:[]},&quot;_transform_translateX_effect_tablet&quot;:{&quot;unit&quot;:&quot;px&quot;,&quot;size&quot;:&quot;&quot;,&quot;sizes&quot;:[]},&quot;_transform_translateY_effect&quot;:{&quot;unit&quot;:&quot;px&quot;,&quot;size&quot;:&quot;&quot;,&quot;sizes&quot;:[]},&quot;_transform_translateY_effect_tablet&quot;:{&quot;unit&quot;:&quot;px&quot;,&quot;size&quot;:&quot;&quot;,&quot;sizes&quot;:[]},&quot;_transform_scale_effect&quot;:{&quot;unit&quot;:&quot;px&quot;,&quot;size&quot;:&quot;&quot;,&quot;sizes&quot;:[]},&quot;_transform_scale_effect_tablet&quot;:{&quot;unit&quot;:&quot;px&quot;,&quot;size&quot;:&quot;&quot;,&quot;sizes&quot;:[]}}\" data-widget_type=\"heading.default\">\n\t\t\t\t<div class=\"elementor-widget-container\">\n\t\t\t\t\t<h2 class=\"elementor-heading-title elementor-size-default\">\u0627\u0628\u0642 \u0639\u0644\u0649 \u0627\u062a\u0635\u0627\u0644<\/h2>\t\t\t\t<\/div>\n\t\t\t\t<\/div>\n\t\t\t\t<div class=\"elementor-element elementor-element-afc4e99 elementor-widget elementor-widget-shortcode\" data-id=\"afc4e99\" data-element_type=\"widget\" data-e-type=\"widget\" data-widget_type=\"shortcode.default\">\n\t\t\t\t<div class=\"elementor-widget-container\">\n\t\t\t\t\t\t\t<div class=\"elementor-shortcode\">info@habbashgroup.com<\/div>\n\t\t\t\t\t\t<\/div>\n\t\t\t\t<\/div>\n\t\t\t\t\t<\/div>\n\t\t<\/div>\n\t\t\t\t<div class=\"elementor-column elementor-col-50 elementor-top-column elementor-element elementor-element-187e206 ot-flex-column-vertical\" data-id=\"187e206\" data-element_type=\"column\" data-e-type=\"column\" data-settings=\"{&quot;background_background&quot;:&quot;classic&quot;}\">\n\t\t\t<div class=\"elementor-widget-wrap elementor-element-populated\">\n\t\t\t\t\t\t<div class=\"elementor-element elementor-element-9c39745 elementor-widget elementor-widget-iheading\" data-id=\"9c39745\" data-element_type=\"widget\" data-e-type=\"widget\" data-widget_type=\"iheading.default\">\n\t\t\t\t<div class=\"elementor-widget-container\">\n\t\t\t\t\t\t\t<div class=\"ot-heading \">\r\n\t        \t            <span> \u062a\u0641\u0627\u0635\u064a\u0644 \u0627\u0644\u0627\u062a\u0635\u0627\u0644 \u0628\u0646\u0627 <\/span>\r\n\t        \t        <h2 class=\"main-heading\">\u0644\u0646\u0628\u062f\u0623 \u0645\u0634\u0631\u0648\u0639\u064b\u0627<\/h2>\r\n\t        \t    <\/div>\r\n\t    \t\t\t\t<\/div>\n\t\t\t\t<\/div>\n\t\t\t\t<div class=\"elementor-element elementor-element-e04f88c elementor-widget__width-initial elementor-widget elementor-widget-text-editor\" data-id=\"e04f88c\" data-element_type=\"widget\" data-e-type=\"widget\" data-widget_type=\"text-editor.default\">\n\t\t\t\t<div class=\"elementor-widget-container\">\n\t\t\t\t\t\t\t\t\t<p>\u064a\u0645\u0643\u0646\u0643 \u0627\u0644\u0627\u062a\u0635\u0627\u0644 \u0628\u0646\u0627 \u0623\u0648 \u0632\u064a\u0627\u0631\u062a\u0646\u0627 \u0641\u064a \u0623\u064a \u0648\u0642\u062a\u060c \u0646\u062d\u0646 \u0646\u0633\u0639\u0649 \u0644\u0644\u0631\u062f \u0639\u0644\u0649 \u062c\u0645\u064a\u0639 \u0627\u0644\u0627\u0633\u062a\u0641\u0633\u0627\u0631\u0627\u062a \u062e\u0644\u0627\u0644 24 \u0633\u0627\u0639\u0629 \u0641\u064a \u0623\u064a\u0627\u0645 \u0627\u0644\u0639\u0645\u0644. \u0633\u0646\u0643\u0648\u0646 \u0633\u0639\u062f\u0627\u0621 \u0628\u0627\u0644\u0625\u062c\u0627\u0628\u0629 \u0639\u0644\u0649 \u0623\u0633\u0626\u0644\u062a\u0643.<\/p>\t\t\t\t\t\t\t\t<\/div>\n\t\t\t\t<\/div>\n\t\t\t\t<div class=\"elementor-element elementor-element-71df6c1 elementor-widget elementor-widget-icontact_info\" data-id=\"71df6c1\" data-element_type=\"widget\" data-e-type=\"widget\" data-widget_type=\"icontact_info.default\">\n\t\t\t\t<div class=\"elementor-widget-container\">\n\t\t\t\t\t\t    \t<div class=\"contact-info\">\r\n\t\t        \t\t\t    \r\n\t\t\t    \t\t        <i class=\"ot-flaticon-place\"><\/i>\r\n\t\t        <div class=\"info-text\">\r\n\t\t        \t<h6>\u0627\u0644\u0639\u0646\u0648\u0627\u0646:<\/h6>\t\t        \t<p>\u0634\u0627\u0631\u0639 \u0631\u0627\u0628\u0643. \u063a\u0648\u0631\u0633\u064a\u0644\u060c 34400 \u0643\u0627\u063a\u064a\u062b\u0627\u0646\u0647\/\u0625\u0633\u0637\u0646\u0628\u0648\u0644<\/p>\t\t        <\/div>\r\n\t\t    <\/div>\r\n\t    \t\t\t\t<\/div>\n\t\t\t\t<\/div>\n\t\t\t\t<div class=\"elementor-element elementor-element-8556302 elementor-widget elementor-widget-icontact_info\" data-id=\"8556302\" data-element_type=\"widget\" data-e-type=\"widget\" data-widget_type=\"icontact_info.default\">\n\t\t\t\t<div class=\"elementor-widget-container\">\n\t\t\t\t\t\t    \t<div class=\"contact-info\">\r\n\t\t        \t\t\t    \r\n\t\t\t    \t\t        <i class=\"ot-flaticon-mail\"><\/i>\r\n\t\t        <div class=\"info-text\">\r\n\t\t        \t<h6>\u0635\u0646\u062f\u0648\u0642 \u0628\u0631\u064a\u062f\u0646\u0627:<\/h6>\t\t        \t<p>info@habbashgroup.com<\/p>\t\t        <\/div>\r\n\t\t    <\/div>\r\n\t    \t\t\t\t<\/div>\n\t\t\t\t<\/div>\n\t\t\t\t<div class=\"elementor-element elementor-element-6a69073 elementor-widget elementor-widget-icontact_info\" data-id=\"6a69073\" data-element_type=\"widget\" data-e-type=\"widget\" data-widget_type=\"icontact_info.default\">\n\t\t\t\t<div class=\"elementor-widget-container\">\n\t\t\t\t\t\t    \t<div class=\"contact-info\">\r\n\t\t        \t\t\t    \r\n\t\t\t    \t\t        <i class=\"ot-flaticon-phone-call\"><\/i>\r\n\t\t        <div class=\"info-text\">\r\n\t\t        \t<h6>\u0647\u0627\u062a\u0641:<\/h6>\t\t        \t<p>5389848874 90+<\/p>\t\t        <\/div>\r\n\t\t    <\/div>\r\n\t    \t\t\t\t<\/div>\n\t\t\t\t<\/div>\n\t\t\t\t<div class=\"elementor-element elementor-element-58adb96 e-grid-align-left elementor-shape-rounded elementor-grid-0 elementor-widget elementor-widget-social-icons\" data-id=\"58adb96\" data-element_type=\"widget\" data-e-type=\"widget\" data-widget_type=\"social-icons.default\">\n\t\t\t\t<div class=\"elementor-widget-container\">\n\t\t\t\t\t\t\t<div class=\"elementor-social-icons-wrapper elementor-grid\" role=\"list\">\n\t\t\t\t\t\t\t<span class=\"elementor-grid-item\" role=\"listitem\">\n\t\t\t\t\t<a class=\"elementor-icon elementor-social-icon elementor-social-icon-twitter elementor-repeater-item-049712d\" target=\"_blank\">\n\t\t\t\t\t\t<span class=\"elementor-screen-only\">Twitter<\/span>\n\t\t\t\t\t\t<i aria-hidden=\"true\" class=\"fab fa-twitter\"><\/i>\t\t\t\t\t<\/a>\n\t\t\t\t<\/span>\n\t\t\t\t\t\t\t<span class=\"elementor-grid-item\" role=\"listitem\">\n\t\t\t\t\t<a class=\"elementor-icon elementor-social-icon elementor-social-icon-facebook-f elementor-repeater-item-030f11b\" href=\"https:\/\/www.facebook.com\/ENG.HASAN.HABBASH\" target=\"_blank\">\n\t\t\t\t\t\t<span class=\"elementor-screen-only\">Facebook-f<\/span>\n\t\t\t\t\t\t<i aria-hidden=\"true\" class=\"fab fa-facebook-f\"><\/i>\t\t\t\t\t<\/a>\n\t\t\t\t<\/span>\n\t\t\t\t\t\t\t<span class=\"elementor-grid-item\" role=\"listitem\">\n\t\t\t\t\t<a class=\"elementor-icon elementor-social-icon elementor-social-icon-linkedin-in elementor-repeater-item-9c6b4b3\" target=\"_blank\">\n\t\t\t\t\t\t<span class=\"elementor-screen-only\">Linkedin-in<\/span>\n\t\t\t\t\t\t<i aria-hidden=\"true\" class=\"fab fa-linkedin-in\"><\/i>\t\t\t\t\t<\/a>\n\t\t\t\t<\/span>\n\t\t\t\t\t\t\t<span class=\"elementor-grid-item\" role=\"listitem\">\n\t\t\t\t\t<a class=\"elementor-icon elementor-social-icon elementor-social-icon-instagram elementor-repeater-item-b977f7f\" href=\"https:\/\/www.instagram.com\/habbash.group\" target=\"_blank\">\n\t\t\t\t\t\t<span class=\"elementor-screen-only\">Instagram<\/span>\n\t\t\t\t\t\t<i aria-hidden=\"true\" class=\"fab fa-instagram\"><\/i>\t\t\t\t\t<\/a>\n\t\t\t\t<\/span>\n\t\t\t\t\t<\/div>\n\t\t\t\t\t\t<\/div>\n\t\t\t\t<\/div>\n\t\t\t\t\t<\/div>\n\t\t<\/div>\n\t\t\t\t\t<\/div>\n\t\t<\/section>\n\t\t\t\t<section class=\"elementor-section elementor-top-section elementor-element elementor-element-bc732a2 elementor-section-full_width elementor-section-height-default elementor-section-height-default\" data-id=\"bc732a2\" data-element_type=\"section\" data-e-type=\"section\">\n\t\t\t\t\t\t<div class=\"elementor-container elementor-column-gap-default\">\n\t\t\t\t\t<div class=\"elementor-column elementor-col-100 elementor-top-column elementor-element elementor-element-b8579ad ot-flex-column-vertical\" data-id=\"b8579ad\" data-element_type=\"column\" data-e-type=\"column\">\n\t\t\t<div class=\"elementor-widget-wrap elementor-element-populated\">\n\t\t\t\t\t\t<div class=\"elementor-element elementor-element-6e14b0d elementor-widget elementor-widget-google_maps\" data-id=\"6e14b0d\" data-element_type=\"widget\" data-e-type=\"widget\" data-widget_type=\"google_maps.default\">\n\t\t\t\t<div class=\"elementor-widget-container\">\n\t\t\t\t\t\t\t<div class=\"elementor-custom-embed\">\n\t\t\t<iframe loading=\"lazy\"\n\t\t\t\t\tsrc=\"https:\/\/maps.google.com\/maps?q=G%C3%BCrsel%2C%20Rabak%20Sk.%20No%3A65%2C%2034400%20K%C3%A2%C4%9F%C4%B1thane%2F%C4%B0stanbul&t=m&z=10&output=embed&iwloc=near\"\n\t\t\t\t\ttitle=\"G\u00fcrsel, Rabak Sk. No:65, 34400 K\u00e2\u011f\u0131thane\/\u0130stanbul\"\n\t\t\t\t\taria-label=\"G\u00fcrsel, Rabak Sk. No:65, 34400 K\u00e2\u011f\u0131thane\/\u0130stanbul\"\n\t\t\t><\/iframe>\n\t\t<\/div>\n\t\t\t\t\t\t<\/div>\n\t\t\t\t<\/div>\n\t\t\t\t\t<\/div>\n\t\t<\/div>\n\t\t\t\t\t<\/div>\n\t\t<\/section>\n\t\t\t\t<\/div>\n\t\t","protected":false},"excerpt":{"rendered":"<p>\u0627\u0628\u0642 \u0639\u0644\u0649 \u0627\u062a\u0635\u0627\u0644 \u062a\u0641\u0627\u0635\u064a\u0644 \u0627\u0644\u0627\u062a\u0635\u0627\u0644 \u0628\u0646\u0627 \u0644\u0646\u0628\u062f\u0623 \u0645\u0634\u0631\u0648\u0639\u064b\u0627 \u064a\u0645\u0643\u0646\u0643 \u0627\u0644\u0627\u062a\u0635\u0627\u0644 \u0628\u0646\u0627 \u0623\u0648 \u0632\u064a\u0627\u0631\u062a\u0646\u0627 \u0641\u064a \u0623\u064a \u0648\u0642\u062a\u060c \u0646\u062d\u0646 \u0646\u0633\u0639\u0649 \u0644\u0644\u0631\u062f \u0639\u0644\u0649 \u062c\u0645\u064a\u0639 \u0627\u0644\u0627\u0633\u062a\u0641\u0633\u0627\u0631\u0627\u062a \u062e\u0644\u0627\u0644 24 \u0633\u0627\u0639\u0629 \u0641\u064a \u0623\u064a\u0627\u0645 \u0627\u0644\u0639\u0645\u0644. \u0633\u0646\u0643\u0648\u0646 \u0633\u0639\u062f\u0627\u0621 \u0628\u0627\u0644\u0625\u062c\u0627\u0628\u0629 \u0639\u0644\u0649 \u0623\u0633\u0626\u0644\u062a\u0643. \u0627\u0644\u0639\u0646\u0648\u0627\u0646: \u0634\u0627\u0631\u0639 \u0631\u0627\u0628\u0643. \u063a\u0648\u0631\u0633\u064a\u0644\u060c 34400 \u0643\u0627\u063a\u064a\u062b\u0627\u0646\u0647\/\u0625\u0633\u0637\u0646\u0628\u0648\u0644 \u0635\u0646\u062f\u0648\u0642 \u0628\u0631\u064a\u062f\u0646\u0627: info@habbashgroup.com \u0647\u0627\u062a\u0641: 5389848874 90+ Twitter Facebook-f Linkedin-in Instagram<\/p>\n","protected":false},"author":1,"featured_media":0,"parent":0,"menu_order":0,"comment_status":"closed","ping_status":"closed","template":"","meta":{"footnotes":""},"class_list":["post-4009","page","type-page","status-publish","hentry"],"_links":{"self":[{"href":"https:\/\/habbashgroup.com\/ar\/wp-json\/wp\/v2\/pages\/4009","targetHints":{"allow":["GET"]}}],"collection":[{"href":"https:\/\/habbashgroup.com\/ar\/wp-json\/wp\/v2\/pages"}],"about":[{"href":"https:\/\/habbashgroup.com\/ar\/wp-json\/wp\/v2\/types\/page"}],"author":[{"embeddable":true,"href":"https:\/\/habbashgroup.com\/ar\/wp-json\/wp\/v2\/users\/1"}],"replies":[{"embeddable":true,"href":"https:\/\/habbashgroup.com\/ar\/wp-json\/wp\/v2\/comments?post=4009"}],"version-history":[{"count":14,"href":"https:\/\/habbashgroup.com\/ar\/wp-json\/wp\/v2\/pages\/4009\/revisions"}],"predecessor-version":[{"id":7039,"href":"https:\/\/habbashgroup.com\/ar\/wp-json\/wp\/v2\/pages\/4009\/revisions\/7039"}],"wp:attachment":[{"href":"https:\/\/habbashgroup.com\/ar\/wp-json\/wp\/v2\/media?parent=4009"}],"curies":[{"name":"wp","href":"https:\/\/api.w.org\/{rel}","templated":true}]}}